{"id":6153,"date":"2025-10-27T10:49:22","date_gmt":"2025-10-27T10:49:22","guid":{"rendered":"https:\/\/elitjeans.com\/?post_type=product&#038;p=6153"},"modified":"2026-04-11T15:53:10","modified_gmt":"2026-04-11T15:53:10","slug":"extra-lange-straight-fit-herrenjeans","status":"publish","type":"product","link":"https:\/\/elitmode.de\/en\/product\/extra-lange-straight-fit-herrenjeans\/","title":{"rendered":"Extra lange Straight Fit Herrenjeans (L36) \u2013 100% Baumwolle"},"content":{"rendered":"<h2>Extra lange Herrenjeans (Straight Fit) \u2013 Klassik ohne Kompromisse.<\/h2>\n<p>Lassen Sie nicht zu, dass Ihre K\u00f6rpergr\u00f6\u00dfe Ihren Stil diktiert! Es je an der Zeit, den Unterschied mit Denim zu sp\u00fcren, der genau f\u00fcr Sie entworfen wurde. Mit einem weiteren Bein garantiert dieser Schnitt volle Bewegungsfreiheit und ein entspanntes Gef\u00fchl den ganzen Tag \u00fcber, perfekt f\u00fcr jede Gelegenheit.<\/p>\n<p>Das Model auf den Bildern ist 200 cm gro\u00df und tr\u00e4gt Jeansgr\u00f6\u00dfe 33 (L\u00e4nge 36).<\/p>\n<p>Wir bitten Sie h\u00f6flichst, vor dem Kauf unbedingt unsere Gr\u00f6\u00dfentabelle zu beachten und Ihr ideales Paar zu finden.<\/p>\n<div class=\"lightweight-accordion\"><details><summary class=\"lightweight-accordion-title\"><span>\u2756 MATERIAL UND FARBE<\/span><\/summary><div class=\"lightweight-accordion-body\"><p>\n\u2022 100% Premium-Baumwolle: Reine Baumwolle garantiert Langlebigkeit, ein angenehmes Gef\u00fchl auf der Haut und das authentische Denim-Gef\u00fchl, das jahrelang anh\u00e4lt.<br \/>\n\u2022 Traditionelle Robustheit: Das Material beh\u00e4lt seine urspr\u00fcngliche Form und wird mit jedem Tragen bequemer.<br \/>\n\u2022 Vielseitiges Design: Die klassische blaue Farbe l\u00e4sst sich unglaublich leicht mit T-Shirts, Pullovern oder Hemden kombinieren.<\/p>\n<\/div><\/details><\/div>\n<div class=\"lightweight-accordion\"><details><summary class=\"lightweight-accordion-title\"><span>\u2704 SCHNITT UND VERARBEITUNG<\/span><\/summary><div class=\"lightweight-accordion-body\"><p>\n\u2022 Speziell f\u00fcr gro\u00dfe M\u00e4nner: Beinl\u00e4nge 36, ideal und sorgf\u00e4ltig geschnitten f\u00fcr Personen \u00fcber 195 cm.<br \/>\n\u2022 Klassischer Straight Fit: Gerade, etwas weiter geschnittene Beine bieten einen eleganten und bequemen Schnitt, der der Figur schmeichelt und nie aus der Mode kommt.<br \/>\n\u2022 Europ\u00e4ische Produktion: Mit Stolz in Europa (Serbien) hergestellt (Hersteller: EXELIT DOO).<\/p>\n<\/div><\/details><\/div>\n<div class=\"lightweight-accordion\"><details><summary class=\"lightweight-accordion-title\"><span>\u267a PFLEGEHINWEISE<\/span><\/summary><div class=\"lightweight-accordion-body\"><p>\n\u2022 Maschinenw\u00e4sche bei Temperaturen bis zu 40\u00b0C.<br \/>\n\u2022 Um das authentische Aussehen der Baumwolle und die Best\u00e4ndigkeit der blauen Farbe zu bewahren, empfehlen wir, die Jeans auf links gedreht und mit \u00e4hnlichen Farben zu waschen.<br \/>\n\u2022 Nicht bleichen.<\/p>\n<\/div><\/details><\/div>\n<div class=\"lightweight-accordion\"><details><summary class=\"lightweight-accordion-title\"><span>\u27f2 UMTAUSCH UND R\u00dcCKGABE<\/span><\/summary><div class=\"lightweight-accordion-body\"><p>\nDie Gr\u00f6\u00dfe passt nicht? Keine Sorge! Wir bieten Ihnen eine einfache und sichere R\u00fcckgabe oder einen Umtausch der Ware innerhalb von 14 Tagen nach Erhalt der Sendung.<\/p>\n<\/div><\/details><\/div>","protected":false},"excerpt":{"rendered":"<p data-path-to-node=\"5,0\">Lassen Sie nicht zu, dass Ihre K\u00f6rpergr\u00f6\u00dfe Ihren Stil diktiert! Genie\u00dfen Sie den Unterschied mit Denim, der genau f\u00fcr Sie entworfen wurde. Mit einem geraden Bein garantiert dieser Schnitt volle Bewegungsfreiheit und ein entspanntes Gef\u00fchl den ganzen Tag \u00fcber. Das Model auf den Bildern ist 200 cm gro\u00df und tr\u00e4gt Jeansgr\u00f6\u00dfe 33 (L\u00e4nge 36). Schauen Sie sich vor dem Kauf unbedingt unsere Gr\u00f6\u00dfentabelle an!<\/p>","protected":false},"featured_media":6166,"comment_status":"open","ping_status":"closed","template":"","meta":[],"product_brand":[131],"product_cat":[111,16,27],"product_tag":[],"class_list":{"0":"post-6153","1":"product","2":"type-product","3":"status-publish","4":"has-post-thumbnail","6":"product_brand-elit","7":"product_cat-fuer-grosse-maenner-l36","8":"product_cat-herren","9":"product_cat-jeans","11":"first","12":"instock","13":"shipping-taxable","14":"purchasable","15":"product-type-variable","16":"rtwpvg-product"},"_links":{"self":[{"href":"https:\/\/elitmode.de\/en\/wp-json\/wp\/v2\/product\/6153","targetHints":{"allow":["GET"]}}],"collection":[{"href":"https:\/\/elitmode.de\/en\/wp-json\/wp\/v2\/product"}],"about":[{"href":"https:\/\/elitmode.de\/en\/wp-json\/wp\/v2\/types\/product"}],"replies":[{"embeddable":true,"href":"https:\/\/elitmode.de\/en\/wp-json\/wp\/v2\/comments?post=6153"}],"wp:featuredmedia":[{"embeddable":true,"href":"https:\/\/elitmode.de\/en\/wp-json\/wp\/v2\/media\/6166"}],"wp:attachment":[{"href":"https:\/\/elitmode.de\/en\/wp-json\/wp\/v2\/media?parent=6153"}],"wp:term":[{"taxonomy":"product_brand","embeddable":true,"href":"https:\/\/elitmode.de\/en\/wp-json\/wp\/v2\/product_brand?post=6153"},{"taxonomy":"product_cat","embeddable":true,"href":"https:\/\/elitmode.de\/en\/wp-json\/wp\/v2\/product_cat?post=6153"},{"taxonomy":"product_tag","embeddable":true,"href":"https:\/\/elitmode.de\/en\/wp-json\/wp\/v2\/product_tag?post=6153"}],"curies":[{"name":"wp","href":"https:\/\/api.w.org\/{rel}","templated":true}]}}