{"id":6128,"date":"2025-10-25T13:46:08","date_gmt":"2025-10-25T13:46:08","guid":{"rendered":"https:\/\/elitjeans.com\/?post_type=product&#038;p=6128"},"modified":"2026-04-11T16:05:44","modified_gmt":"2026-04-11T16:05:44","slug":"herren-jeansjacke","status":"publish","type":"product","link":"https:\/\/elitmode.de\/en\/product\/herren-jeansjacke\/","title":{"rendered":"Herren Jeansjacke"},"content":{"rendered":"<h2>Herren Jeansjacke: Ein zeitloses Must-have.<\/h2>\n<p>Gehen Sie keine Kompromisse zwischen Stil und Komfort ein. Investieren Sie in ein St\u00fcck, das Ihren Look definieren wird. Ideal f\u00fcr die \u00dcbergangszeit mit ihrer mittleren Dicke, perfekt f\u00fcr Fr\u00fchlingstage und k\u00fchle Herbstabende. Tragen Sie sie \u00fcber einem T-Shirt f\u00fcr einen l\u00e4ssigen Look oder kombinieren Sie sie mit einem Pullover, wenn die Temperaturen sinken.<\/p>\n<p>Das Model auf den Bildern ist 178 cm gro\u00df, wiegt 76 kg und tr\u00e4gt Gr\u00f6\u00dfe M.<\/p>\n<div class=\"lightweight-accordion\"><details><summary class=\"lightweight-accordion-title\"><span>\u2756 MATERIAL UND KOMFORT<\/span><\/summary><div class=\"lightweight-accordion-body\"><p>\nVergessen Sie steife und unbequeme Jacken. Unser Modell ist sorgf\u00e4ltig aus einer Premium-Materialmischung gefertigt:<br \/>\n\u2022 Klassisches Denim-Gef\u00fchl: Ein hoher Baumwollanteil (98 %) bietet Strapazierf\u00e4higkeit, Atmungsaktivit\u00e4t und die authentische Jeans-Textur.<br \/>\n\u2022 Perfekte Flexibilit\u00e4t: Der Zusatz von Elasthan (2 %) verleiht der Jacke die n\u00f6tige Portion Dehnbarkeit. Ob Sie in Bewegung sind, Auto fahren oder sitzen, die Jacke folgt Ihrer K\u00f6rperlinie ohne Einschr\u00e4nkungen.<\/p>\n<\/div><\/details><\/div>\n<div class=\"lightweight-accordion\"><details><summary class=\"lightweight-accordion-title\"><span>\u2704 SCHNITT UND VERARBEITUNG<\/span><\/summary><div class=\"lightweight-accordion-body\"><p>\n\u2022 Klassischer Schnitt (Regular Fit): Zollt dem traditionellen Design der Jeansjacke Tribut, w\u00e4hrend der moderne Komfort sie an den modernen Mann anpasst.<br \/>\n\u2022 Premium-Details: Pr\u00e4zise N\u00e4hte und hochwertige Metallkn\u00f6pfe garantieren Best\u00e4ndigkeit und Langlebigkeit.<br \/>\n\u2022 Zuverl\u00e4ssige europ\u00e4ische Produktion: Mit Stolz in Europa (Serbien) entworfen und hergestellt (Hersteller: EXELIT DOO).<\/p>\n<\/div><\/details><\/div>\n<div class=\"lightweight-accordion\"><details><summary class=\"lightweight-accordion-title\"><span>\u267a PFLEGEHINWEISE<\/span><\/summary><div class=\"lightweight-accordion-body\"><p>\n\u2022 Maschinenw\u00e4sche bis 30\u00b0C (wir empfehlen, sie auf links gedreht zu waschen, um das urspr\u00fcngliche Aussehen und die Farbe des Denims zu erhalten).<br \/>\n\u2022 B\u00fcgeln bei mittlerer Temperatur.<br \/>\n\u2022 Nicht bleichen.<\/p>\n<\/div><\/details><\/div>\n<div class=\"lightweight-accordion\"><details><summary class=\"lightweight-accordion-title\"><span>\u27f2 UMTAUSCH UND R\u00dcCKGABE<\/span><\/summary><div class=\"lightweight-accordion-body\"><p>\nDie Gr\u00f6\u00dfe passt nicht? Keine Sorge! Wir bieten Ihnen eine einfache und sichere R\u00fcckgabe oder einen Umtausch der Ware innerhalb von 14 Tagen nach Erhalt der Sendung.<\/p>\n<\/div><\/details><\/div>","protected":false},"excerpt":{"rendered":"<p data-path-to-node=\"4,0\">Gehen Sie keine Kompromisse zwischen Stil und Komfort ein. Investieren Sie in ein St\u00fcck, das Ihren Look definieren wird. Ideal f\u00fcr die \u00dcbergangszeit mit ihrer mittleren Dicke, perfekt f\u00fcr Fr\u00fchlingstage und k\u00fchle Herbstabende. Tragen Sie sie \u00fcber einem T-Shirt f\u00fcr einen l\u00e4ssigen Look oder kombinieren Sie sie mit einem Pullover, wenn die Temperaturen sinken. Das Model auf den Bildern ist 178 cm gro\u00df, wiegt 76 kg und tr\u00e4gt Gr\u00f6\u00dfe M.<\/p>","protected":false},"featured_media":6123,"comment_status":"closed","ping_status":"closed","template":"","meta":[],"product_brand":[131],"product_cat":[112],"product_tag":[],"class_list":{"0":"post-6128","1":"product","2":"type-product","3":"status-publish","4":"has-post-thumbnail","6":"product_brand-elit","7":"product_cat-herren-jeansjacken","9":"first","10":"instock","11":"shipping-taxable","12":"purchasable","13":"product-type-variable","14":"rtwpvg-product"},"_links":{"self":[{"href":"https:\/\/elitmode.de\/en\/wp-json\/wp\/v2\/product\/6128","targetHints":{"allow":["GET"]}}],"collection":[{"href":"https:\/\/elitmode.de\/en\/wp-json\/wp\/v2\/product"}],"about":[{"href":"https:\/\/elitmode.de\/en\/wp-json\/wp\/v2\/types\/product"}],"replies":[{"embeddable":true,"href":"https:\/\/elitmode.de\/en\/wp-json\/wp\/v2\/comments?post=6128"}],"wp:featuredmedia":[{"embeddable":true,"href":"https:\/\/elitmode.de\/en\/wp-json\/wp\/v2\/media\/6123"}],"wp:attachment":[{"href":"https:\/\/elitmode.de\/en\/wp-json\/wp\/v2\/media?parent=6128"}],"wp:term":[{"taxonomy":"product_brand","embeddable":true,"href":"https:\/\/elitmode.de\/en\/wp-json\/wp\/v2\/product_brand?post=6128"},{"taxonomy":"product_cat","embeddable":true,"href":"https:\/\/elitmode.de\/en\/wp-json\/wp\/v2\/product_cat?post=6128"},{"taxonomy":"product_tag","embeddable":true,"href":"https:\/\/elitmode.de\/en\/wp-json\/wp\/v2\/product_tag?post=6128"}],"curies":[{"name":"wp","href":"https:\/\/api.w.org\/{rel}","templated":true}]}}