{"id":5952,"date":"2025-10-10T07:25:15","date_gmt":"2025-10-10T07:25:15","guid":{"rendered":"https:\/\/elitjeans.com\/?post_type=product&#038;p=5952"},"modified":"2026-04-11T15:55:24","modified_gmt":"2026-04-11T15:55:24","slug":"klassische-herrenjeans-basic","status":"publish","type":"product","link":"https:\/\/elitmode.de\/en\/product\/klassische-herrenjeans-basic\/","title":{"rendered":"Klassische Herrenjeans Basic"},"content":{"rendered":"<h2>Klassische Herrenjeans Basic \u2013 Zeitloser Stil und Komfort.<\/h2>\n<p>Investieren Sie in Qualit\u00e4t, die h\u00e4lt. Unsere Basic-Jeans sind ein Kleidungsst\u00fcck, auf das Sie sich immer verlassen k\u00f6nnen. Das klassische Design ohne \u00fcberfl\u00fcssige Details l\u00e4sst sich leicht kombinieren und ist perfekt f\u00fcr absolut jeden Anlass \u2013 von gesch\u00e4ftlich-legeren Meetings bis hin zum entspannten Wochenende.<\/p>\n<p>Das Model auf den Bildern ist 187 cm gro\u00df, wiegt 84 kg und tr\u00e4gt Hosengr\u00f6\u00dfe 33 (L\u00e4nge 34).<\/p>\n<p>Wie Sie sicher sein k\u00f6nnen, die richtige Wahl zu treffen: Schauen Sie sich unbedingt unsere Gr\u00f6\u00dfentabelle an und finden Sie die Gr\u00f6\u00dfe, die Ihnen perfekt passt!<\/p>\n<div class=\"lightweight-accordion\"><details><summary class=\"lightweight-accordion-title\"><span>\u2756 MATERIAL UND FARBE<\/span><\/summary><div class=\"lightweight-accordion-body\"><p>\n\u2022 Premium-Material: Die Zusammensetzung aus 99 % hochwertiger Baumwolle bietet ein angenehmes Tragegef\u00fchl und die unverwechselbare Robustheit von echtem, traditionellem Denim.<br \/>\n\u2022 Optimale Flexibilit\u00e4t: Die leichte Zugabe von Elasthan (1 %) bietet die perfekte Balance \u2013 das Material ist extrem strapazierf\u00e4hig, bietet aber die n\u00f6tige Bewegungsfreiheit f\u00fcr ganzt\u00e4giges Tragen.<br \/>\n\u2022 Langlebigkeit: Beh\u00e4lt garantiert Form und Farbe auch nach vielen W\u00e4schen.<br \/>\n\u2022 Europ\u00e4ische Produktion: Mit Stolz in Europa (Serbien) hergestellt (Hersteller: EXELIT DOO).<\/p>\n<\/div><\/details><\/div>\n<div class=\"lightweight-accordion\"><details><summary class=\"lightweight-accordion-title\"><span>\u2704 SCHNITT UND VERARBEITUNG<\/span><\/summary><div class=\"lightweight-accordion-body\"><p>\n\u2022 Perfekte Passform (Regular Fit): Bietet optimalen Komfort ohne Kompromisse beim Stil. Weder zu eng noch zu weit, folgen diese Jeans perfekt der K\u00f6rperlinie.<br \/>\n\u2022 Klassischer Stil: Ein klares und reduziertes Design, das nie aus der Mode kommt.<br \/>\n\u2022 Standardl\u00e4nge: L34.<\/p>\n<\/div><\/details><\/div>\n<div class=\"lightweight-accordion\"><details><summary class=\"lightweight-accordion-title\"><span>\u267a PFLEGEHINWEISE<\/span><\/summary><div class=\"lightweight-accordion-body\"><p>\n\u2022 Maschinenw\u00e4sche bei Temperaturen bis zu 40\u00b0C.<br \/>\n\u2022 Damit Stoff und Farbe \u00fcber viele Jahre makellos bleiben, empfehlen wir, die Jeans auf links gedreht zu waschen.<br \/>\n\u2022 Nicht bleichen.<\/p>\n<\/div><\/details><\/div>\n<div class=\"lightweight-accordion\"><details><summary class=\"lightweight-accordion-title\"><span>\u27f2 UMTAUSCH UND R\u00dcCKGABE<\/span><\/summary><div class=\"lightweight-accordion-body\"><p>\nDie Gr\u00f6\u00dfe passt nicht? Keine Sorge! Wir bieten Ihnen eine einfache und sichere R\u00fcckgabe oder einen Umtausch der Ware innerhalb von 14 Tagen nach Erhalt der Sendung.<\/p>\n<\/div><\/details><\/div>","protected":false},"excerpt":{"rendered":"<p data-path-to-node=\"3\">Investieren Sie in Qualit\u00e4t, die h\u00e4lt. Unsere Basic-Jeans sind ein Kleidungsst\u00fcck, auf das Sie sich immer verlassen k\u00f6nnen. Das klassische Design ohne \u00fcberfl\u00fcssige Details ist perfekt f\u00fcr jeden Anlass. Das Model auf den Bildern ist 187 cm gro\u00df, wiegt 84 kg und tr\u00e4gt Hosengr\u00f6\u00dfe 33 (L\u00e4nge 34). Um bei Ihrer Wahl ganz sicher zu gehen, schauen Sie sich unbedingt unsere Gr\u00f6\u00dfentabelle an!<\/p>","protected":false},"featured_media":5962,"comment_status":"open","ping_status":"closed","template":"","meta":[],"product_brand":[131],"product_cat":[132,16,27,15],"product_tag":[],"class_list":{"0":"post-5952","1":"product","2":"type-product","3":"status-publish","4":"has-post-thumbnail","6":"product_brand-elit","7":"product_cat-fruehjahr-sommer-2026","8":"product_cat-herren","9":"product_cat-jeans","10":"product_cat-uncategorized","12":"first","13":"instock","14":"shipping-taxable","15":"purchasable","16":"product-type-variable","17":"rtwpvg-product"},"_links":{"self":[{"href":"https:\/\/elitmode.de\/en\/wp-json\/wp\/v2\/product\/5952","targetHints":{"allow":["GET"]}}],"collection":[{"href":"https:\/\/elitmode.de\/en\/wp-json\/wp\/v2\/product"}],"about":[{"href":"https:\/\/elitmode.de\/en\/wp-json\/wp\/v2\/types\/product"}],"replies":[{"embeddable":true,"href":"https:\/\/elitmode.de\/en\/wp-json\/wp\/v2\/comments?post=5952"}],"wp:featuredmedia":[{"embeddable":true,"href":"https:\/\/elitmode.de\/en\/wp-json\/wp\/v2\/media\/5962"}],"wp:attachment":[{"href":"https:\/\/elitmode.de\/en\/wp-json\/wp\/v2\/media?parent=5952"}],"wp:term":[{"taxonomy":"product_brand","embeddable":true,"href":"https:\/\/elitmode.de\/en\/wp-json\/wp\/v2\/product_brand?post=5952"},{"taxonomy":"product_cat","embeddable":true,"href":"https:\/\/elitmode.de\/en\/wp-json\/wp\/v2\/product_cat?post=5952"},{"taxonomy":"product_tag","embeddable":true,"href":"https:\/\/elitmode.de\/en\/wp-json\/wp\/v2\/product_tag?post=5952"}],"curies":[{"name":"wp","href":"https:\/\/api.w.org\/{rel}","templated":true}]}}