{"id":2274,"date":"2023-03-21T11:11:21","date_gmt":"2023-03-21T11:11:21","guid":{"rendered":"https:\/\/elitjeans.com\/?post_type=product&#038;p=2274"},"modified":"2026-05-01T21:17:55","modified_gmt":"2026-05-01T21:17:55","slug":"klassische-herrenjeans-100-baumwolle","status":"publish","type":"product","link":"https:\/\/elitmode.de\/en\/product\/klassische-herrenjeans-100-baumwolle\/","title":{"rendered":"Klassische Herrenjeans 100% Baumwolle"},"content":{"rendered":"<h2 data-path-to-node=\"2\">Klassischer Stil und kompromissloser Komfort \u2013 Herrenjeans 100 % Baumwolle.<\/h2>\n<p data-path-to-node=\"3\">Investieren Sie in Qualit\u00e4t, die h\u00e4lt. F\u00fcr den modernen Mann kreiert, sind diese Jeans ein unverzichtbares Basic f\u00fcr jede Garderobe. Sie sind extrem vielseitig und lassen sich m\u00fchelos mit T-Shirts, Pullovern, Hemden und Sakkos kombinieren, sodass Sie f\u00fcr absolut jeden Anlass bereit sind.<\/p>\n<p data-path-to-node=\"4\">Das Model auf den Bildern ist 185 cm gro\u00df und tr\u00e4gt Jeansgr\u00f6\u00dfe 33 (L\u00e4nge 34).<\/p>\n<p data-path-to-node=\"5\">Um bei Ihrer Wahl ganz sicher zu gehen, schauen Sie sich vor der Bestellung unbedingt unsere detaillierte Gr\u00f6\u00dfentabelle an und vergleichen Sie die genauen Ma\u00dfe (Taille, H\u00fcfte, L\u00e4nge) mit Ihrer Lieblingshose.<\/p>\n<p data-path-to-node=\"6\"><div class=\"lightweight-accordion\"><details><summary class=\"lightweight-accordion-title\"><span>\u2756 MATERIAL UND KOMFORT<\/span><\/summary><div class=\"lightweight-accordion-body\"><p> \u2022 <b data-path-to-node=\"6\" data-index-in-node=\"57\">100 % Premium-Baumwolle:<\/b> Reine Baumwolle garantiert nicht nur au\u00dfergew\u00f6hnliche Weichheit und ein angenehmes Hautgef\u00fchl, sondern auch h\u00f6chste Atmungsaktivit\u00e4t und Langlebigkeit. \u2022 <b data-path-to-node=\"6\" data-index-in-node=\"236\">Authentischer Denim:<\/b> Vergessen Sie d\u00fcnne und unbequeme Materialien \u2013 unsere Baumwolle bietet das echte, traditionelle Jeans-Gef\u00fchl, das mit der Zeit immer besser wird und sich Ihnen perfekt anpasst. <\/p>\n<\/div><\/details><\/div><\/p>\n<p data-path-to-node=\"7\"><div class=\"lightweight-accordion\"><details><summary class=\"lightweight-accordion-title\"><span>\u2704 SCHNITT UND VERARBEITUNG<\/span><\/summary><div class=\"lightweight-accordion-body\"><p> \u2022 <b data-path-to-node=\"7\" data-index-in-node=\"61\">Regular Fit (Klassischer Schnitt):<\/b> Bietet die perfekte Balance zwischen eng und weit und schafft eine klassische Silhouette, die jeder Figur schmeichelt. Weder zu eng noch zu locker. \u2022 <b data-path-to-node=\"7\" data-index-in-node=\"246\">Standardl\u00e4nge:<\/b> L34, ideal f\u00fcr M\u00e4nner mit durchschnittlicher und gr\u00f6\u00dferer Statur. \u2022 <b data-path-to-node=\"7\" data-index-in-node=\"329\">Klassischer Stil:<\/b> Traditionelles 5-Pocket-Design, schlicht und immer aktuell. <\/p>\n<\/div><\/details><\/div><\/p>\n<p data-path-to-node=\"8\"><div class=\"lightweight-accordion\"><details><summary class=\"lightweight-accordion-title\"><span>\u267a PFLEGEHINWEISE<\/span><\/summary><div class=\"lightweight-accordion-body\"><p> \u2022 <b data-path-to-node=\"8\" data-index-in-node=\"51\">Pflegeleicht:<\/b> So entworfen, dass Farbe und Form auch nach vielen W\u00e4schen best\u00e4ndig bleiben. \u2022 Maschinenw\u00e4sche bei Temperaturen bis zu 40\u00b0C (wir empfehlen, die Jeans auf links gedreht zu waschen). \u2022 Nicht bleichen. <\/p>\n<\/div><\/details><\/div><\/p>\n<p data-path-to-node=\"9\"><div class=\"lightweight-accordion\"><details><summary class=\"lightweight-accordion-title\"><span>\u27f2 UMTAUSCH UND R\u00dcCKGABE<\/span><\/summary><div class=\"lightweight-accordion-body\"><p> Die Gr\u00f6\u00dfe passt nicht? Keine Sorge! Wir bieten Ihnen eine einfache und sichere R\u00fcckgabe oder einen Umtausch der Ware innerhalb von 14 Tagen nach Erhalt der Sendung. <\/p>\n<\/div><\/details><\/div><\/p>","protected":false},"excerpt":{"rendered":"<p data-path-to-node=\"1\">Investieren Sie in Qualit\u00e4t, die h\u00e4lt. F\u00fcr den modernen Mann kreiert, sind diese Jeans ein unverzichtbares Basic f\u00fcr jede Garderobe. Sie lassen sich m\u00fchelos mit T-Shirts, Hemden und Sakkos kombinieren, sodass Sie f\u00fcr absolut jeden Anlass bereit sind. Das Model auf den Bildern ist 185 cm gro\u00df und tr\u00e4gt Jeansgr\u00f6\u00dfe 33 (L\u00e4nge 34). Schauen Sie sich vor der Bestellung unbedingt unsere Gr\u00f6\u00dfentabelle an!<\/p>\n<p data-path-to-node=\"2\">","protected":false},"featured_media":5545,"comment_status":"open","ping_status":"closed","template":"","meta":[],"product_brand":[],"product_cat":[132,16,27,15],"product_tag":[],"class_list":{"0":"post-2274","1":"product","2":"type-product","3":"status-publish","4":"has-post-thumbnail","6":"product_cat-fruehjahr-sommer-2026","7":"product_cat-herren","8":"product_cat-jeans","9":"product_cat-uncategorized","11":"first","12":"instock","13":"shipping-taxable","14":"purchasable","15":"product-type-variable","16":"rtwpvg-product"},"_links":{"self":[{"href":"https:\/\/elitmode.de\/en\/wp-json\/wp\/v2\/product\/2274","targetHints":{"allow":["GET"]}}],"collection":[{"href":"https:\/\/elitmode.de\/en\/wp-json\/wp\/v2\/product"}],"about":[{"href":"https:\/\/elitmode.de\/en\/wp-json\/wp\/v2\/types\/product"}],"replies":[{"embeddable":true,"href":"https:\/\/elitmode.de\/en\/wp-json\/wp\/v2\/comments?post=2274"}],"wp:featuredmedia":[{"embeddable":true,"href":"https:\/\/elitmode.de\/en\/wp-json\/wp\/v2\/media\/5545"}],"wp:attachment":[{"href":"https:\/\/elitmode.de\/en\/wp-json\/wp\/v2\/media?parent=2274"}],"wp:term":[{"taxonomy":"product_brand","embeddable":true,"href":"https:\/\/elitmode.de\/en\/wp-json\/wp\/v2\/product_brand?post=2274"},{"taxonomy":"product_cat","embeddable":true,"href":"https:\/\/elitmode.de\/en\/wp-json\/wp\/v2\/product_cat?post=2274"},{"taxonomy":"product_tag","embeddable":true,"href":"https:\/\/elitmode.de\/en\/wp-json\/wp\/v2\/product_tag?post=2274"}],"curies":[{"name":"wp","href":"https:\/\/api.w.org\/{rel}","templated":true}]}}