{"id":82,"date":"2021-12-15T13:27:47","date_gmt":"2021-12-15T13:27:47","guid":{"rendered":"https:\/\/demo.creativethemes.com\/blocksy\/garderobe\/?page_id=82"},"modified":"2026-04-07T13:35:29","modified_gmt":"2026-04-07T13:35:29","slug":"cart-2","status":"publish","type":"page","link":"https:\/\/elitmode.de\/en\/cart-2\/","title":{"rendered":"Warenkorb"},"content":{"rendered":"<div data-elementor-type=\"wp-page\" data-elementor-id=\"82\" class=\"elementor elementor-82\">\n\t\t\t\t<div class=\"elementor-element elementor-element-23a58511 e-flex e-con-boxed e-con e-parent\" data-id=\"23a58511\" data-element_type=\"container\" data-e-type=\"container\">\n\t\t\t\t\t<div class=\"e-con-inner\">\n\t\t\t\t<div class=\"elementor-element elementor-element-7212ec05 elementor-widget elementor-widget-text-editor\" data-id=\"7212ec05\" data-element_type=\"widget\" data-e-type=\"widget\" data-widget_type=\"text-editor.default\">\n\t\t\t\t\t\t\t\t\t\t\t\t\t\t\t\t\t<\/div>\n\t\t\t\t\t<\/div>\n\t\t\t\t<\/div>\n\t\t\t\t<section class=\"elementor-section elementor-top-section elementor-element elementor-element-98b1f53 ct-section-stretched elementor-section-boxed elementor-section-height-default elementor-section-height-default\" data-id=\"98b1f53\" data-element_type=\"section\" data-e-type=\"section\" data-settings=\"{&quot;background_background&quot;:&quot;classic&quot;}\">\n\t\t\t\t\t\t<div class=\"elementor-container elementor-column-gap-no\">\n\t\t\t\t\t<div class=\"elementor-column elementor-col-25 elementor-top-column elementor-element elementor-element-64aca41\" data-id=\"64aca41\" data-element_type=\"column\" data-e-type=\"column\">\n\t\t\t<div class=\"elementor-widget-wrap elementor-element-populated\">\n\t\t\t\t\t\t<div class=\"elementor-element elementor-element-68f9012 elementor-widget elementor-widget-image\" data-id=\"68f9012\" data-element_type=\"widget\" data-e-type=\"widget\" data-widget_type=\"image.default\">\n\t\t\t\t\t\t\t\t\t\t\t\t\t\t\t<img decoding=\"async\" width=\"150\" height=\"150\" src=\"https:\/\/elitmode.de\/wp-content\/uploads\/2025\/08\/7470445bdf47fbf8ce876e471a81bff8-150x150.png\" class=\"attachment-thumbnail size-thumbnail wp-image-4662\" alt=\"Ilustracija belog kamiona za brzu dostavu na plavoj pozadini.\" srcset=\"https:\/\/elitmode.de\/wp-content\/uploads\/2025\/08\/7470445bdf47fbf8ce876e471a81bff8-150x150.png 150w, https:\/\/elitmode.de\/wp-content\/uploads\/2025\/08\/7470445bdf47fbf8ce876e471a81bff8-100x100.png 100w\" sizes=\"(max-width: 150px) 100vw, 150px\" \/>\t\t\t\t\t\t\t\t\t\t\t\t\t\t\t<\/div>\n\t\t\t\t<div class=\"elementor-element elementor-element-c1a7659 elementor-widget elementor-widget-heading\" data-id=\"c1a7659\" data-element_type=\"widget\" data-e-type=\"widget\" data-widget_type=\"heading.default\">\n\t\t\t\t\t<h5 class=\"elementor-heading-title elementor-size-default\">Kostenloser Versand<\/h5>\t\t\t\t<\/div>\n\t\t\t\t<div class=\"elementor-element elementor-element-0e5e7f4 elementor-widget elementor-widget-text-editor\" data-id=\"0e5e7f4\" data-element_type=\"widget\" data-e-type=\"widget\" data-widget_type=\"text-editor.default\">\n\t\t\t\t\t\t\t\t\t<p>Gratis Versand innerhalb der EU ab 100 \u20ac Bestellwert<\/p>\t\t\t\t\t\t\t\t<\/div>\n\t\t\t\t\t<\/div>\n\t\t<\/div>\n\t\t\t\t<div class=\"elementor-column elementor-col-25 elementor-top-column elementor-element elementor-element-08bbf18\" data-id=\"08bbf18\" data-element_type=\"column\" data-e-type=\"column\">\n\t\t\t<div class=\"elementor-widget-wrap elementor-element-populated\">\n\t\t\t\t\t\t<div class=\"elementor-element elementor-element-4df61f6 elementor-widget elementor-widget-image\" data-id=\"4df61f6\" data-element_type=\"widget\" data-e-type=\"widget\" data-widget_type=\"image.default\">\n\t\t\t\t\t\t\t\t\t\t\t\t\t\t\t<img decoding=\"async\" width=\"150\" height=\"150\" src=\"https:\/\/elitmode.de\/wp-content\/uploads\/2026\/04\/CITYPNG.COMHD-Scissors-White-Silhouette-Icon-Transparent-Background-1000x1000-1-150x150.png\" class=\"attachment-thumbnail size-thumbnail wp-image-7152\" alt=\"\" srcset=\"https:\/\/elitmode.de\/wp-content\/uploads\/2026\/04\/CITYPNG.COMHD-Scissors-White-Silhouette-Icon-Transparent-Background-1000x1000-1-150x150.png 150w, https:\/\/elitmode.de\/wp-content\/uploads\/2026\/04\/CITYPNG.COMHD-Scissors-White-Silhouette-Icon-Transparent-Background-1000x1000-1-300x300.png 300w, https:\/\/elitmode.de\/wp-content\/uploads\/2026\/04\/CITYPNG.COMHD-Scissors-White-Silhouette-Icon-Transparent-Background-1000x1000-1-768x768.png 768w, https:\/\/elitmode.de\/wp-content\/uploads\/2026\/04\/CITYPNG.COMHD-Scissors-White-Silhouette-Icon-Transparent-Background-1000x1000-1-600x600.png 600w, https:\/\/elitmode.de\/wp-content\/uploads\/2026\/04\/CITYPNG.COMHD-Scissors-White-Silhouette-Icon-Transparent-Background-1000x1000-1-100x100.png 100w, https:\/\/elitmode.de\/wp-content\/uploads\/2026\/04\/CITYPNG.COMHD-Scissors-White-Silhouette-Icon-Transparent-Background-1000x1000-1-64x64.png 64w, https:\/\/elitmode.de\/wp-content\/uploads\/2026\/04\/CITYPNG.COMHD-Scissors-White-Silhouette-Icon-Transparent-Background-1000x1000-1.png 1000w\" sizes=\"(max-width: 150px) 100vw, 150px\" \/>\t\t\t\t\t\t\t\t\t\t\t\t\t\t\t<\/div>\n\t\t\t\t<div class=\"elementor-element elementor-element-4dfeb2d elementor-widget elementor-widget-heading\" data-id=\"4dfeb2d\" data-element_type=\"widget\" data-e-type=\"widget\" data-widget_type=\"heading.default\">\n\t\t\t\t\t<h5 class=\"elementor-heading-title elementor-size-default\">MADE IN EUROPE<\/h5>\t\t\t\t<\/div>\n\t\t\t\t<div class=\"elementor-element elementor-element-1224cee elementor-widget elementor-widget-text-editor\" data-id=\"1224cee\" data-element_type=\"widget\" data-e-type=\"widget\" data-widget_type=\"text-editor.default\">\n\t\t\t\t\t\t\t\t\t<p>Nachhaltige Qualit\u00e4t direkt aus unseren Ateliers in Europa.<\/p>\t\t\t\t\t\t\t\t<\/div>\n\t\t\t\t\t<\/div>\n\t\t<\/div>\n\t\t\t\t<div class=\"elementor-column elementor-col-25 elementor-top-column elementor-element elementor-element-21c860f\" data-id=\"21c860f\" data-element_type=\"column\" data-e-type=\"column\">\n\t\t\t<div class=\"elementor-widget-wrap elementor-element-populated\">\n\t\t\t\t\t\t<div class=\"elementor-element elementor-element-afe8e13 elementor-widget elementor-widget-image\" data-id=\"afe8e13\" data-element_type=\"widget\" data-e-type=\"widget\" data-widget_type=\"image.default\">\n\t\t\t\t\t\t\t\t\t\t\t\t\t\t\t<img decoding=\"async\" width=\"55\" height=\"56\" src=\"https:\/\/elitmode.de\/wp-content\/uploads\/2021\/12\/home-page-icon-2-white.svg\" class=\"attachment-thumbnail size-thumbnail wp-image-686\" alt=\"\" \/>\t\t\t\t\t\t\t\t\t\t\t\t\t\t\t<\/div>\n\t\t\t\t<div class=\"elementor-element elementor-element-ee4b00c elementor-widget elementor-widget-heading\" data-id=\"ee4b00c\" data-element_type=\"widget\" data-e-type=\"widget\" data-widget_type=\"heading.default\">\n\t\t\t\t\t<h5 class=\"elementor-heading-title elementor-size-default\">R\u00fcckgabe &amp; Umtausch<\/h5>\t\t\t\t<\/div>\n\t\t\t\t<div class=\"elementor-element elementor-element-e439754 elementor-widget elementor-widget-text-editor\" data-id=\"e439754\" data-element_type=\"widget\" data-e-type=\"widget\" data-widget_type=\"text-editor.default\">\n\t\t\t\t\t\t\t\t\t<p>Einfache und sichere R\u00fcckgabe innerhalb von 15 Tagen.<\/p>\t\t\t\t\t\t\t\t<\/div>\n\t\t\t\t\t<\/div>\n\t\t<\/div>\n\t\t\t\t<div class=\"elementor-column elementor-col-25 elementor-top-column elementor-element elementor-element-52c9ceb\" data-id=\"52c9ceb\" data-element_type=\"column\" data-e-type=\"column\">\n\t\t\t<div class=\"elementor-widget-wrap elementor-element-populated\">\n\t\t\t\t\t\t<div class=\"elementor-element elementor-element-f73ff68 elementor-widget elementor-widget-image\" data-id=\"f73ff68\" data-element_type=\"widget\" data-e-type=\"widget\" data-widget_type=\"image.default\">\n\t\t\t\t\t\t\t\t\t\t\t\t\t\t\t<img loading=\"lazy\" decoding=\"async\" width=\"49\" height=\"56\" src=\"https:\/\/elitmode.de\/wp-content\/uploads\/2021\/12\/home-page-icon-3-white.svg\" class=\"attachment-thumbnail size-thumbnail wp-image-684\" alt=\"\" \/>\t\t\t\t\t\t\t\t\t\t\t\t\t\t\t<\/div>\n\t\t\t\t<div class=\"elementor-element elementor-element-2262410 elementor-widget elementor-widget-heading\" data-id=\"2262410\" data-element_type=\"widget\" data-e-type=\"widget\" data-widget_type=\"heading.default\">\n\t\t\t\t\t<h5 class=\"elementor-heading-title elementor-size-default\">Kontakt<\/h5>\t\t\t\t<\/div>\n\t\t\t\t<div class=\"elementor-element elementor-element-ffd2625 elementor-widget elementor-widget-text-editor\" data-id=\"ffd2625\" data-element_type=\"widget\" data-e-type=\"widget\" data-widget_type=\"text-editor.default\">\n\t\t\t\t\t\t\t\t\t<p>Kontaktieren Sie uns unter info@elitmode.de<\/p>\t\t\t\t\t\t\t\t<\/div>\n\t\t\t\t\t<\/div>\n\t\t<\/div>\n\t\t\t\t\t<\/div>\n\t\t<\/section>\n\t\t\t\t<\/div>","protected":false},"excerpt":{"rendered":"<p>Kostenloser Versand Gratis Versand innerhalb der EU ab 100 \u20ac Bestellwert MADE IN EUROPE Nachhaltige Qualit\u00e4t direkt aus unseren Ateliers in Europa. R\u00fcckgabe &amp; Umtausch Einfache und sichere R\u00fcckgabe innerhalb von 15 Tagen. Kontakt Kontaktieren Sie uns unter info@elitmode.de<\/p>","protected":false},"author":1,"featured_media":0,"parent":0,"menu_order":0,"comment_status":"closed","ping_status":"closed","template":"","meta":{"footnotes":""},"class_list":["post-82","page","type-page","status-publish","hentry"],"blocksy_meta":{"styles_descriptor":{"styles":{"desktop":"","tablet":"","mobile":""},"google_fonts":[],"version":6}},"_links":{"self":[{"href":"https:\/\/elitmode.de\/en\/wp-json\/wp\/v2\/pages\/82","targetHints":{"allow":["GET"]}}],"collection":[{"href":"https:\/\/elitmode.de\/en\/wp-json\/wp\/v2\/pages"}],"about":[{"href":"https:\/\/elitmode.de\/en\/wp-json\/wp\/v2\/types\/page"}],"author":[{"embeddable":true,"href":"https:\/\/elitmode.de\/en\/wp-json\/wp\/v2\/users\/1"}],"replies":[{"embeddable":true,"href":"https:\/\/elitmode.de\/en\/wp-json\/wp\/v2\/comments?post=82"}],"version-history":[{"count":4,"href":"https:\/\/elitmode.de\/en\/wp-json\/wp\/v2\/pages\/82\/revisions"}],"predecessor-version":[{"id":7185,"href":"https:\/\/elitmode.de\/en\/wp-json\/wp\/v2\/pages\/82\/revisions\/7185"}],"wp:attachment":[{"href":"https:\/\/elitmode.de\/en\/wp-json\/wp\/v2\/media?parent=82"}],"curies":[{"name":"wp","href":"https:\/\/api.w.org\/{rel}","templated":true}]}}