{"id":10,"date":"2025-12-25T14:59:08","date_gmt":"2025-12-25T14:59:08","guid":{"rendered":"https:\/\/elitjeans.com\/shop\/?page_id=10"},"modified":"2026-04-12T18:24:09","modified_gmt":"2026-04-12T18:24:09","slug":"agb","status":"publish","type":"page","link":"https:\/\/elitmode.de\/en\/agb\/","title":{"rendered":"Allgemeine Gesch\u00e4ftsbedingungen (AGB)"},"content":{"rendered":"<p>Basisdaten<br>Adresse: Hostedder Str. 67, 44329 Dortmund, Deutschland<br>Branche: Herstellung von Bekleidung<br>Website: www.elitmode.de<br>E-Mail: info@elitmode.de<\/p>\n\n\n\n<p>W\u00e4hrung und Preise<br>Alle auf der Website ausgewiesenen Preise lauten auf Euro (EUR). Der Betrag, mit dem Ihre Kreditkarte belastet wird, entspricht exakt dem auf unserer Website in Euro angezeigten Preis. Bei Zahlungen mit Kreditkarten, deren Hauptw\u00e4hrung nicht der Euro ist, erfolgt die W\u00e4hrungsumrechnung durch Ihr Kreditkartenunternehmen. Aufgrund dieser Umrechnung durch Dritte k\u00f6nnen minimale Abweichungen vom Originalpreis entstehen, auf die wir keinen Einfluss haben.<\/p>\n\n\n\n<p>Lieferung und Zahlungsbedingungen<br>Zahlungsarten: Kunden k\u00f6nnen ihre Bestellung online per Kreditkarte oder \u00fcber andere im Checkout angebotene, sichere Online-Zahlungsmethoden bezahlen. (Hinweis: Zahlung per Nachnahme ist m\u00f6glich, sofern beim Checkout ausgew\u00e4hlt).<br>Versandmethode: Die Lieferung erfolgt \u00fcber etablierte Kurierdienste. Wir bem\u00fchen uns um einen schnellstm\u00f6glichen Versand (in der Regel &#8222;heute bestellt, morgen versandt&#8220;).<br>Versandkosten: Die Versandkosten richten sich nach dem Gewicht des Pakets und werden Ihnen w\u00e4hrend des Bestellvorgangs transparent vor Abschluss der Bestellung angezeigt.<br>Liefergebiet und Einschr\u00e4nkungen: Die Lieferung erfolgt derzeit ausschlie\u00dflich innerhalb der Bundesrepublik Deutschland. Lieferungen ins Ausland werden momentan nicht angeboten.<\/p>\n\n\n\n<p>Widerrufsrecht und Reklamationen<br>Wenn Sie mit dem gelieferten Produkt nicht vollst\u00e4ndig zufrieden sind, haben Sie das Recht, den Vertrag innerhalb von 14 Tagen ohne Angabe von Gr\u00fcnden zu widerrufen. Die R\u00fccksendung kann \u00fcber einen Kurierdienst an unsere Adresse erfolgen. Die Kosten f\u00fcr die R\u00fccksendung \u00fcbernehmen wir.<\/p>\n\n\n\n<p>Im Falle einer Reklamation (z. B. wegen eines Defekts, einer Besch\u00e4digung, eines falschen Artikels oder eines Preisfehlers) k\u00f6nnen Sie uns per E-Mail an unsere offizielle Adresse kontaktieren. Bitte geben Sie in Ihrer Nachricht zwingend die Bestellnummer, eine genaue Beschreibung des Problems sowie Ihre Kontaktdaten an. Es ist hilfreich, Fotos des Produkts oder Beweise f\u00fcr den Preisfehler beizuf\u00fcgen.<\/p>\n\n\n\n<p>Wir werden den Eingang Ihrer Reklamation umgehend best\u00e4tigen und Ihnen sp\u00e4testens innerhalb von 8 Tagen eine schriftliche oder elektronische Antwort zukommen lassen. Eine endg\u00fcltige L\u00f6sung (z. B. Preiskorrektur, Ersatzlieferung oder R\u00fcckerstattung) erfolgt sp\u00e4testens innerhalb von 15 Tagen nach Eingang der Reklamation gem\u00e4\u00df den geltenden Verbraucherschutzgesetzen. Ist die Reklamation berechtigt, tragen wir die R\u00fccksendekosten. Die R\u00fcckerstattung des Kaufpreises erfolgt innerhalb von 14 Tagen \u00fcber dasselbe Zahlungsmittel, das Sie bei der urspr\u00fcnglichen Transaktion eingesetzt haben, es sei denn, es wurde ausdr\u00fccklich etwas anderes vereinbart.<\/p>\n\n\n\n<p>Datenschutz (gem\u00e4\u00df DSGVO)<br>Wir verpflichten uns, die Privatsph\u00e4re all unserer Kunden zu sch\u00fctzen. Wir erheben, speichern und verarbeiten nur solche Daten, die f\u00fcr die Gesch\u00e4ftsabwicklung und die Bereitstellung eines hochwertigen Service zwingend erforderlich sind. Unsere Kunden haben jederzeit die Wahl, ob sie sich in unsere Mailinglisten f\u00fcr Marketingkampagnen eintragen (Opt-in) oder daraus entfernen m\u00f6chten. Alle Kundendaten werden streng vertraulich behandelt und sind nur den Mitarbeitern zug\u00e4nglich, die diese zwingend zur Erf\u00fcllung ihrer Aufgaben ben\u00f6tigen. Alle unsere Mitarbeiter und Gesch\u00e4ftspartner sind zur Einhaltung der Datenschutzrichtlinien verpflichtet.<\/p>\n\n\n\n<p>Sicherheit der Zahlungsdaten<br>Bei der Eingabe von Kreditkartendaten oder anderen sensiblen Zahlungsinformationen werden diese \u00fcber eine verschl\u00fcsselte Verbindung (SSL-Protokoll) als aktuell modernste kryptografische Technologie \u00fcbertragen. Die Datensicherheit beim Kauf wird durch unseren zertifizierten Zahlungsdienstleister garantiert. Der gesamte Bezahlvorgang findet auf den sicheren Servern des Zahlungsanbieters statt. Zu keinem Zeitpunkt werden Ihre vollst\u00e4ndigen Kreditkartendaten in unserem System gespeichert oder sind f\u00fcr uns einsehbar.<\/p>\n\n\n\n<p>R\u00fcckerstattungen<br>Im Falle einer Warenr\u00fcckgabe und der R\u00fcckerstattung von Geldern an einen Kunden, der ganz oder teilweise mit einer Zahlungskarte bezahlt hat, sind wir unabh\u00e4ngig vom Grund der R\u00fcckgabe verpflichtet, die R\u00fcckerstattung ausschlie\u00dflich \u00fcber das urspr\u00fcnglich verwendete Zahlungsmittel (z. B. VISA, Mastercard, Maestro etc.) vorzunehmen. Das bedeutet, dass die Bank auf unsere Anweisung hin das Geld direkt auf das Konto des Karteninhabers zur\u00fcckbucht.<\/p>\n\n\n\n<p>Mehrwertsteuer (MwSt.)<br>Alle angegebenen Preise sind Endpreise und enthalten die gesetzliche Mehrwertsteuer. Es gibt keine versteckten Kosten.<\/p>","protected":false},"excerpt":{"rendered":"<p>BasisdatenAdresse: Hostedder Str. 67, 44329 Dortmund, DeutschlandBranche: Herstellung von BekleidungWebsite: www.elitmode.deE-Mail: info@elitmode.de W\u00e4hrung und PreiseAlle auf der Website ausgewiesenen Preise lauten auf Euro (EUR). Der Betrag, mit dem Ihre Kreditkarte belastet wird, entspricht exakt dem auf unserer Website in Euro angezeigten Preis. Bei Zahlungen mit Kreditkarten, deren Hauptw\u00e4hrung nicht der Euro ist, erfolgt die W\u00e4hrungsumrechnung [&hellip;]<\/p>\n","protected":false},"author":1,"featured_media":0,"parent":0,"menu_order":0,"comment_status":"closed","ping_status":"closed","template":"","meta":{"footnotes":""},"class_list":["post-10","page","type-page","status-publish","hentry"],"blocksy_meta":[],"_links":{"self":[{"href":"https:\/\/elitmode.de\/en\/wp-json\/wp\/v2\/pages\/10","targetHints":{"allow":["GET"]}}],"collection":[{"href":"https:\/\/elitmode.de\/en\/wp-json\/wp\/v2\/pages"}],"about":[{"href":"https:\/\/elitmode.de\/en\/wp-json\/wp\/v2\/types\/page"}],"author":[{"embeddable":true,"href":"https:\/\/elitmode.de\/en\/wp-json\/wp\/v2\/users\/1"}],"replies":[{"embeddable":true,"href":"https:\/\/elitmode.de\/en\/wp-json\/wp\/v2\/comments?post=10"}],"version-history":[{"count":1,"href":"https:\/\/elitmode.de\/en\/wp-json\/wp\/v2\/pages\/10\/revisions"}],"predecessor-version":[{"id":7192,"href":"https:\/\/elitmode.de\/en\/wp-json\/wp\/v2\/pages\/10\/revisions\/7192"}],"wp:attachment":[{"href":"https:\/\/elitmode.de\/en\/wp-json\/wp\/v2\/media?parent=10"}],"curies":[{"name":"wp","href":"https:\/\/api.w.org\/{rel}","templated":true}]}}